{"id":99,"date":"2021-11-23T10:48:26","date_gmt":"2021-11-23T10:48:26","guid":{"rendered":"https:\/\/lakidar.hu\/wordpress\/?page_id=99"},"modified":"2022-01-08T11:48:37","modified_gmt":"2022-01-08T11:48:37","slug":"fertotlenites","status":"publish","type":"page","link":"https:\/\/lakidar.hu\/wordpress\/index.php\/fertotlenites\/","title":{"rendered":"Fert\u0151tlen\u00edt\u00e9s"},"content":{"rendered":"\n<p>Fert\u0151tlen\u00edt\u00e9s (dezinfekci\u00f3)<\/p>\n\n\n\n<p>Az \u00e1llati k\u00e1rtev\u0151kt\u0151l val\u00f3 mentess\u00e9g biztos\u00edt\u00e1sa mellett mind az eg\u00e9szs\u00e9g\u00fcgy, mind az \u00e9lelmiszerv\u00e1llalkoz\u00e1sok ter\u00fclet\u00e9n, fontos a megfelel\u0151 mikrobiol\u00f3giai k\u00f6rnyezet megteremt\u00e9se.<\/p>\n\n\n\n<p>Technol\u00f3gi\u00e1ink \u00e9s g\u00e9pi felszerelts\u00e9g\u00fcnk alkalmas mind a kisebb terek, mind a nagy belmagass\u00e1g\u00fa, nagy ter\u00fclet\u0171 l\u00e9tes\u00edtm\u00e9nyek fel\u00fcleteinek \u00e9s l\u00e9gter\u00e9nek cs\u00edramentes\u00edt\u00e9s\u00e9re.<\/p>\n\n\n\n<p>A mikroorganizmusok, els\u0151sorban a v\u00edrusok, bakt\u00e9riumok, gomb\u00e1k elpuszt\u00edt\u00e1s\u00e1ra szolg\u00e1l\u00f3 fert\u0151tlen\u00edt\u00e9si elj\u00e1r\u00e1saink hat\u00e9konys\u00e1g\u00e1t mintav\u00e9teles laborat\u00f3riumi vizsg\u00e1latok igazolj\u00e1k.<\/p>\n","protected":false},"excerpt":{"rendered":"<p>Fert\u0151tlen\u00edt\u00e9s (dezinfekci\u00f3) Az \u00e1llati k\u00e1rtev\u0151kt\u0151l val\u00f3 mentess\u00e9g biztos\u00edt\u00e1sa mellett mind az eg\u00e9szs\u00e9g\u00fcgy, mind az \u00e9lelmiszerv\u00e1llalkoz\u00e1sok ter\u00fclet\u00e9n, fontos a megfelel\u0151 mikrobiol\u00f3giai k\u00f6rnyezet megteremt\u00e9se. Technol\u00f3gi\u00e1ink \u00e9s g\u00e9pi felszerelts\u00e9g\u00fcnk alkalmas mind a kisebb terek, mind a nagy belmagass\u00e1g\u00fa, nagy ter\u00fclet\u0171 l\u00e9tes\u00edtm\u00e9nyek fel\u00fcleteinek \u00e9s l\u00e9gter\u00e9nek cs\u00edramentes\u00edt\u00e9s\u00e9re. A mikroorganizmusok, els\u0151sorban a v\u00edrusok, bakt\u00e9riumok, gomb\u00e1k elpuszt\u00edt\u00e1s\u00e1ra szolg\u00e1l\u00f3 fert\u0151tlen\u00edt\u00e9si elj\u00e1r\u00e1saink hat\u00e9konys\u00e1g\u00e1t mintav\u00e9teles<\/p>\n<p><a href=\"https:\/\/lakidar.hu\/wordpress\/index.php\/fertotlenites\/\" class=\"more-link themebutton\">Read More<\/a><\/p>\n","protected":false},"author":1,"featured_media":0,"parent":0,"menu_order":0,"comment_status":"closed","ping_status":"closed","template":"","meta":{"footnotes":""},"class_list":["post-99","page","type-page","status-publish","hentry"],"_links":{"self":[{"href":"https:\/\/lakidar.hu\/wordpress\/index.php\/wp-json\/wp\/v2\/pages\/99","targetHints":{"allow":["GET"]}}],"collection":[{"href":"https:\/\/lakidar.hu\/wordpress\/index.php\/wp-json\/wp\/v2\/pages"}],"about":[{"href":"https:\/\/lakidar.hu\/wordpress\/index.php\/wp-json\/wp\/v2\/types\/page"}],"author":[{"embeddable":true,"href":"https:\/\/lakidar.hu\/wordpress\/index.php\/wp-json\/wp\/v2\/users\/1"}],"replies":[{"embeddable":true,"href":"https:\/\/lakidar.hu\/wordpress\/index.php\/wp-json\/wp\/v2\/comments?post=99"}],"version-history":[{"count":2,"href":"https:\/\/lakidar.hu\/wordpress\/index.php\/wp-json\/wp\/v2\/pages\/99\/revisions"}],"predecessor-version":[{"id":188,"href":"https:\/\/lakidar.hu\/wordpress\/index.php\/wp-json\/wp\/v2\/pages\/99\/revisions\/188"}],"wp:attachment":[{"href":"https:\/\/lakidar.hu\/wordpress\/index.php\/wp-json\/wp\/v2\/media?parent=99"}],"curies":[{"name":"wp","href":"https:\/\/api.w.org\/{rel}","templated":true}]}}