{"id":95,"date":"2021-11-23T10:47:43","date_gmt":"2021-11-23T10:47:43","guid":{"rendered":"https:\/\/lakidar.hu\/wordpress\/?page_id=95"},"modified":"2022-01-08T12:35:04","modified_gmt":"2022-01-08T12:35:04","slug":"ragcsaloirtas","status":"publish","type":"page","link":"https:\/\/lakidar.hu\/wordpress\/index.php\/ragcsaloirtas\/","title":{"rendered":"R\u00e1gcs\u00e1l\u00f3irt\u00e1s"},"content":{"rendered":"\n<p>A r\u00e1gcs\u00e1l\u00f3k gazdas\u00e1gi k\u00e1rt\u00e9tel\u00fck mellett szennyez\u00e9s\u00fckkel k\u00f6zeg\u00e9szs\u00e9g\u00fcgyi vesz\u00e9lyt is jelentenek. Az eg\u00e9szs\u00e9g v\u00e9delme \u00e9s az okozott k\u00e1rok megakad\u00e1lyoz\u00e1sa miatt a r\u00e1gcs\u00e1l\u00f3k ellen v\u00e9dekezni kell.<br><br>R\u00e1gcs\u00e1l\u00f3irt\u00e1sra eredm\u00e9nyesen \u00e9s sz\u00e9les k\u00f6rben haszn\u00e1latosak a v\u00e9ralvad\u00e1sg\u00e1tl\u00f3 hat\u00f3anyag\u00fa csal\u00e9tkek. A r\u00e1gcs\u00e1l\u00f3irt\u00f3szerek vesz\u00e9lytelen felhaszn\u00e1l\u00e1s\u00e1t, a r\u00e1gcs\u00e1l\u00f3irt\u00f3 szerelv\u00e9nyek (patk\u00e1nyetet\u0151 l\u00e1da, eg\u00e9retet\u0151 doboz) teszik lehet\u0151v\u00e9. Nyitott \u00e9lelmiszerek mellett illetve ahol egy\u00e9b okb\u00f3l nem haszn\u00e1lhat\u00f3 irt\u00f3szer m\u00e1s elj\u00e1r\u00e1sokat alkalmazunk.<br><br>A r\u00e1gcs\u00e1l\u00f3irt\u00e1s ma m\u00e1r elterjedt m\u00f3dja az Integr\u00e1lt K\u00e1rtev\u0151irt\u00e1si elj\u00e1r\u00e1s (IPM \/ IPC). A k\u00e1rtev\u0151k elleni integr\u00e1lt v\u00e9dekez\u00e9s olyan popul\u00e1ci\u00f3szab\u00e1lyoz\u00f3 rendszer, mely &#8211; a k\u00e1rtev\u0151 popul\u00e1ci\u00f3k cs\u00f6kkent\u00e9se \u00e9s azok gazdas\u00e1gi k\u00e1rt\u00e9telt el nem \u00e9r\u0151 szinten tart\u00e1sa \u00e9rdek\u00e9ben &#8211; hasznos\u00edt minden alkalmas egym\u00e1ssal \u00f6sszef\u00fcgg\u0151 elj\u00e1r\u00e1st.<br><br><em>K\u00e1rtev\u0151irt\u00e1si szolg\u00e1ltat\u00e1sainkat egyar\u00e1nt aj\u00e1nljuk mag\u00e1nszem\u00e9lyeknek, ingatlan kezel\u0151knek, int\u00e9zm\u00e9nyeknek, HACCP k\u00f6rben tev\u00e9kenys\u00e9get v\u00e9gz\u0151knek, illetve mindazoknak akik k\u00f6telezettek \u00e9s akiknek probl\u00e9m\u00e1t okoz a kellemetlen lak\u00f3t\u00e1rs.<br><\/em><br>A jogszab\u00e1ly, irt\u00f3szer, szerelv\u00e9ny \u00e9s k\u00e1rtev\u0151 ismerettel csak erre k\u00e9pzett szakemberek rendelkeznek, ez\u00e9rt c\u00e9lszer\u0171 \u0150ket megb\u00edzni a r\u00e1gcs\u00e1l\u00f3irt\u00e1ssal.<br><br><strong>Patk\u00e1nyirt\u00e1s:<\/strong><br><br>\u00c9lelmiszer keres\u00e9s k\u00f6zben nagy ter\u00fcletet bej\u00e1r, saj\u00e1t utat alak\u00edtva ki mozg\u00e1s\u00e1val. Nyomai hamar \u00e9szrevehet\u0151k.<br><br>Patk\u00e1nymentes \u00e1llapot az \u00e9p\u00fcleten bel\u00fcl, k\u00edv\u00fcl a csatorn\u00e1k \u00e9s al\u00e9p\u00edtm\u00e9nyek kezel\u00e9s\u00e9vel biztos\u00edthat\u00f3.<br><br><em>Megjegyz\u00e9s:<\/em><br>Budapesten \u00e9s n\u00e9h\u00e1ny nagyobb v\u00e1rosban a patk\u00e1nyirt\u00e1st egy kivitelez\u0151re b\u00edzt\u00e1k. Itt bejelent\u00e9s ut\u00e1n r\u00f6vid hat\u00e1rid\u0151vel a bejelent\u0151 sz\u00e1m\u00e1ra d\u00edjmentesen elv\u00e9gzik a kezel\u00e9st.<br><br>Budapesten a Budapest F\u0151v\u00e1ros F\u0151polg\u00e1rmesteri Hivatala kiemelten fontosnak tartja a patk\u00e1nymentess\u00e9get \u00e9s ez\u00e9rt mind a lakoss\u00e1g, mind az int\u00e9zm\u00e9nyek, mind a k\u00f6z\u00fcletek sz\u00e1m\u00e1ra ezt d\u00edjmentesen biztos\u00edtja.<br>Bejelent\u00e9s Budapesten, telefonon a 432-0412-es sz\u00e1mon lehets\u00e9ges.<br><em><br><br><\/em><strong>Eg\u00e9rirt\u00e1s:<\/strong><br>Mivel akci\u00f3r\u00e1diusza \u00e9s v\u00edzig\u00e9nye kicsi, n\u00e9ha hamarabb lehet a vizelete szag\u00e1t \u00e9rezni, mint az \u00e1llatot megl\u00e1tni. Betakar\u00edt\u00e1s ut\u00e1n \u00e9s a tavaszi id\u0151szakban elindul, de egy\u00e9bk\u00e9nt ink\u00e1bb behurcolj\u00e1k.<br><br>\u00c9p\u00fcleten bel\u00fcli irt\u00e1suk jellemz\u0151en irt\u00f3szer \u00e9s csapda haszn\u00e1lat\u00e1val t\u00f6rt\u00e9nik.<\/p>\n\n\n\n<figure class=\"wp-block-image size-large is-resized\"><img fetchpriority=\"high\" decoding=\"async\" src=\"https:\/\/lakidar.hu\/wordpress\/wp-content\/uploads\/2022\/01\/house-mouse-1024x576.jpg\" alt=\"\" class=\"wp-image-207\" width=\"516\" height=\"290\" srcset=\"https:\/\/lakidar.hu\/wordpress\/wp-content\/uploads\/2022\/01\/house-mouse-1024x576.jpg 1024w, https:\/\/lakidar.hu\/wordpress\/wp-content\/uploads\/2022\/01\/house-mouse-300x169.jpg 300w, https:\/\/lakidar.hu\/wordpress\/wp-content\/uploads\/2022\/01\/house-mouse-768x432.jpg 768w, https:\/\/lakidar.hu\/wordpress\/wp-content\/uploads\/2022\/01\/house-mouse.jpg 1200w\" sizes=\"(max-width: 516px) 100vw, 516px\" \/><\/figure>\n","protected":false},"excerpt":{"rendered":"<p>A r\u00e1gcs\u00e1l\u00f3k gazdas\u00e1gi k\u00e1rt\u00e9tel\u00fck mellett szennyez\u00e9s\u00fckkel k\u00f6zeg\u00e9szs\u00e9g\u00fcgyi vesz\u00e9lyt is jelentenek. Az eg\u00e9szs\u00e9g v\u00e9delme \u00e9s az okozott k\u00e1rok megakad\u00e1lyoz\u00e1sa miatt a r\u00e1gcs\u00e1l\u00f3k ellen v\u00e9dekezni kell. R\u00e1gcs\u00e1l\u00f3irt\u00e1sra eredm\u00e9nyesen \u00e9s sz\u00e9les k\u00f6rben haszn\u00e1latosak a v\u00e9ralvad\u00e1sg\u00e1tl\u00f3 hat\u00f3anyag\u00fa csal\u00e9tkek. A r\u00e1gcs\u00e1l\u00f3irt\u00f3szerek vesz\u00e9lytelen felhaszn\u00e1l\u00e1s\u00e1t, a r\u00e1gcs\u00e1l\u00f3irt\u00f3 szerelv\u00e9nyek (patk\u00e1nyetet\u0151 l\u00e1da, eg\u00e9retet\u0151 doboz) teszik lehet\u0151v\u00e9. Nyitott \u00e9lelmiszerek mellett illetve ahol egy\u00e9b okb\u00f3l nem<\/p>\n<p><a href=\"https:\/\/lakidar.hu\/wordpress\/index.php\/ragcsaloirtas\/\" class=\"more-link themebutton\">Read More<\/a><\/p>\n","protected":false},"author":1,"featured_media":0,"parent":0,"menu_order":0,"comment_status":"closed","ping_status":"closed","template":"","meta":{"footnotes":""},"class_list":["post-95","page","type-page","status-publish","hentry"],"_links":{"self":[{"href":"https:\/\/lakidar.hu\/wordpress\/index.php\/wp-json\/wp\/v2\/pages\/95","targetHints":{"allow":["GET"]}}],"collection":[{"href":"https:\/\/lakidar.hu\/wordpress\/index.php\/wp-json\/wp\/v2\/pages"}],"about":[{"href":"https:\/\/lakidar.hu\/wordpress\/index.php\/wp-json\/wp\/v2\/types\/page"}],"author":[{"embeddable":true,"href":"https:\/\/lakidar.hu\/wordpress\/index.php\/wp-json\/wp\/v2\/users\/1"}],"replies":[{"embeddable":true,"href":"https:\/\/lakidar.hu\/wordpress\/index.php\/wp-json\/wp\/v2\/comments?post=95"}],"version-history":[{"count":5,"href":"https:\/\/lakidar.hu\/wordpress\/index.php\/wp-json\/wp\/v2\/pages\/95\/revisions"}],"predecessor-version":[{"id":210,"href":"https:\/\/lakidar.hu\/wordpress\/index.php\/wp-json\/wp\/v2\/pages\/95\/revisions\/210"}],"wp:attachment":[{"href":"https:\/\/lakidar.hu\/wordpress\/index.php\/wp-json\/wp\/v2\/media?parent=95"}],"curies":[{"name":"wp","href":"https:\/\/api.w.org\/{rel}","templated":true}]}}