{"id":93,"date":"2021-11-23T10:46:46","date_gmt":"2021-11-23T10:46:46","guid":{"rendered":"https:\/\/lakidar.hu\/wordpress\/?page_id=93"},"modified":"2022-01-08T12:01:22","modified_gmt":"2022-01-08T12:01:22","slug":"rovarirtas","status":"publish","type":"page","link":"https:\/\/lakidar.hu\/wordpress\/index.php\/rovarirtas\/","title":{"rendered":"Rovarirt\u00e1s"},"content":{"rendered":"\n<div class=\"wp-block-columns is-layout-flex wp-container-core-columns-is-layout-9d6595d7 wp-block-columns-is-layout-flex\">\n<div class=\"wp-block-column is-layout-flow wp-block-column-is-layout-flow\"><\/div>\n<\/div>\n\n\n\n<p><strong>K\u00e1rtev\u0151mentess\u00e9g? Igen, lehets\u00e9ges!<\/strong><br><br>K\u00e9pzett, gyakorlott, erk\u00f6lcsileg fedhetetlen munkat\u00e1rsak biztos\u00edtj\u00e1k az \u00d6n \u00e1ltal elv\u00e1rt eredm\u00e9nyt. Dolgoz\u00f3ink r\u00e1ad\u00e1sul \u00e9rv\u00e9nyes eg\u00e9szs\u00e9g\u00fcgyi k\u00f6nyvvel rendelkeznek \u00e9s ismerik a GHP (J\u00f3 Higi\u00e9niai Gyakorlat) el\u0151\u00edr\u00e1sait.<br><br>G\u00e9peink, berendez\u00e9seink lehet\u0151v\u00e9 teszik a hagyom\u00e1nyos irt\u00f3szerek permet \u00e9s hidegk\u0151d, illetve a legmodernebb szerek g\u00e9l \u00e9s ragaszt\u00f3 form\u00e1j\u00e1ban t\u00f6rt\u00e9n\u0151 kijuttat\u00e1s\u00e1t.<br><br>A folyamatos fejleszt\u00e9s eredm\u00e9nyek\u00e9ppen a &#8222;K\u00f6rnyezetv\u00e9delemr\u0151l, az \u00c9lelmiszerbiztons\u00e1gr\u00f3l, a K\u00e9miai biztons\u00e1gr\u00f3l&#8221; sz\u00f3l\u00f3 t\u00f6rv\u00e9nyi el\u0151\u00edr\u00e1soknak az \u00e1ltalunk alkalmazott technol\u00f3gi\u00e1k megfelelnek,\u00a0<em>\u00e9s mindenfajta eg\u00e9szs\u00e9g\u00fcgyi k\u00e1rtev\u0151-mentes\u00edt\u00e9si feladat megold\u00e1s\u00e1ra alkalmasak<br><\/em><br>M\u00e1r akkor az Integr\u00e1lt K\u00e1rtev\u0151irt\u00e1s elemei szerint v\u00e9gezt\u00fck \u00e9lelmiszer \u00fczemekben a rovar \u00e9s r\u00e1gcs\u00e1l\u00f3irt\u00e1st, amikor m\u00e9g azt sem tudtuk hogy \u00edgy h\u00edvj\u00e1k. Megrendel\u0151ink k\u00e9r\u00e9se az irt\u00f3szerek mell\u0151z\u00e9s\u00e9r\u0151l, \u00e9s a nyomon k\u00f6vethet\u0151s\u00e9gr\u0151l vezettek el benn\u00fcnket a gyakorlati alkalmaz\u00e1s ut\u00e1n az elm\u00e9let megismer\u00e9s\u00e9nek k\u00e9nyszer\u00e9hez. A megjelen\u0151 EK rendeletek pedig m\u00e1r \u00e1llati k\u00e1rtev\u0151k elleni v\u00e9delemre k\u00f6teleznek.<br><br>K\u00e1rtev\u0151irt\u00e1si szolg\u00e1ltat\u00e1sainkat egyar\u00e1nt aj\u00e1nljuk, mag\u00e1nszem\u00e9lyeknek, ingatlan kezel\u0151knek, int\u00e9zm\u00e9nyeknek, HACCP k\u00f6rben tev\u00e9kenys\u00e9get v\u00e9gz\u0151knek, illetve mindazoknak akik k\u00f6telezettek \u00e9s akiknek probl\u00e9m\u00e1t okoz a kellemetlen lak\u00f3t\u00e1rs.<br><br>A professzion\u00e1lis rovarirt\u00e1s fajonk\u00e9nt k\u00fcl\u00f6nb\u00f6z\u0151 technol\u00f3gi\u00e1val v\u00e9gezhet\u0151.<br><br><strong>Cs\u00f3t\u00e1nyirt\u00e1s:<\/strong><br>Az irt\u00f3szerek g\u00e9l illetve permetez\u0151szer form\u00e1ban jutathat\u00f3 ki. Az elj\u00e1r\u00e1s k\u00fcl\u00f6nb\u00f6z\u0151, de mindkett\u0151 eredm\u00e9nye a MENTESS\u00c9G.<br>A hat\u00e9kony \u00e9s k\u00f6rnyezetk\u00edm\u00e9l\u0151 v\u00e9dekez\u00e9st az integr\u00e1lt k\u00e1rtev\u0151irt\u00e1s bevezet\u00e9se biztos\u00edtja amely a 852 EK rendelet \u00e9s a rendelet mell\u00e9kletek\u00e9nt megjelent szak\u00e1gi GHP -k alapj\u00e1n v\u00e9gezhet\u0151.<br><br><strong>Hangyairt\u00e1s:<\/strong><br>A permetez\u0151 szerek mellett ezen a ter\u00fcleten is megjelentek a k\u00fcl\u00f6nb\u00f6z\u0151 hat\u00e1smechanizmus\u00fa hat\u00f3anyagokat tartalmaz\u00f3 csal\u00e9tkek. A permetez\u00e9s eredm\u00e9nye gyorsabban l\u00e1tszik, de nagyon gyakran a boy tov\u00e1bb \u00e9l. A csal\u00e9tek lass\u00fabb, de a boy is kipusztul. A k\u00e9t elj\u00e1r\u00e1s sz\u00fcks\u00e9g szerint kombin\u00e1lhat\u00f3.<br><br>Bolhairt\u00e1s:<br>Permetez\u00e9ssel kijutatott hat\u00f3anyagokkal a l\u00e1rv\u00e1k \u00e9s a kifejlett bolh\u00e1k is elpuszt\u00edthat\u00f3k.<br>Emberek \u00e9s melegv\u00e9r\u0171 \u00e1llatok sz\u00e1rad\u00e1s \u00e9s szell\u0151ztet\u00e9s ut\u00e1n vesz\u00e9lytelen\u00fcl haszn\u00e1lhatj\u00e1k a ter\u00fcletet.<br><br><strong>\u00c1gyipoloska irt\u00e1s:<\/strong><br>Permetez\u00e9ssel \u00e9s hidegk\u00f6d k\u00e9pz\u00e9ssel j\u00f3 eredm\u00e9ny \u00e9rhet\u0151 el. A hidegk\u00f6d ny\u00e1lkah\u00e1rtya irrit\u00e1l\u00f3, emiatt a ter\u00fcletre bemenni \u00e9s azt 4 \u00f3r\u00e1n kereszt\u00fcl haszn\u00e1latba venni nem lehet.<br><br><strong>Sz\u00fanyog gy\u00e9r\u00edt\u00e9s:<\/strong><br><br>Melegk\u00f6d illetve ULV technol\u00f3gia alkalmaz\u00e1s\u00e1val t\u00f6rt\u00e9nik a sz\u00fanyogok gy\u00e9r\u00edt\u00e9se.<br>A k\u00f6rnyezet terhel\u00e9s\u00e9nek cs\u00f6kkent\u00e9se \u00e9rdek\u00e9ben megjelentek a v\u00edzben oldhat\u00f3 irt\u00f3szerek, melyek mindk\u00e9t elj\u00e1r\u00e1ssal kijutathat\u00f3ak. A k\u00f6d ebben az esetben alig l\u00e1that\u00f3.<\/p>\n\n\n\n<p><\/p>\n\n\n\n<p><\/p>\n","protected":false},"excerpt":{"rendered":"<p>K\u00e1rtev\u0151mentess\u00e9g? Igen, lehets\u00e9ges! K\u00e9pzett, gyakorlott, erk\u00f6lcsileg fedhetetlen munkat\u00e1rsak biztos\u00edtj\u00e1k az \u00d6n \u00e1ltal elv\u00e1rt eredm\u00e9nyt. Dolgoz\u00f3ink r\u00e1ad\u00e1sul \u00e9rv\u00e9nyes eg\u00e9szs\u00e9g\u00fcgyi k\u00f6nyvvel rendelkeznek \u00e9s ismerik a GHP (J\u00f3 Higi\u00e9niai Gyakorlat) el\u0151\u00edr\u00e1sait. G\u00e9peink, berendez\u00e9seink lehet\u0151v\u00e9 teszik a hagyom\u00e1nyos irt\u00f3szerek permet \u00e9s hidegk\u0151d, illetve a legmodernebb szerek g\u00e9l \u00e9s ragaszt\u00f3 form\u00e1j\u00e1ban t\u00f6rt\u00e9n\u0151 kijuttat\u00e1s\u00e1t. A folyamatos fejleszt\u00e9s eredm\u00e9nyek\u00e9ppen a &#8222;K\u00f6rnyezetv\u00e9delemr\u0151l, az<\/p>\n<p><a href=\"https:\/\/lakidar.hu\/wordpress\/index.php\/rovarirtas\/\" class=\"more-link themebutton\">Read More<\/a><\/p>\n","protected":false},"author":1,"featured_media":0,"parent":0,"menu_order":0,"comment_status":"closed","ping_status":"closed","template":"","meta":{"footnotes":""},"class_list":["post-93","page","type-page","status-publish","hentry"],"_links":{"self":[{"href":"https:\/\/lakidar.hu\/wordpress\/index.php\/wp-json\/wp\/v2\/pages\/93","targetHints":{"allow":["GET"]}}],"collection":[{"href":"https:\/\/lakidar.hu\/wordpress\/index.php\/wp-json\/wp\/v2\/pages"}],"about":[{"href":"https:\/\/lakidar.hu\/wordpress\/index.php\/wp-json\/wp\/v2\/types\/page"}],"author":[{"embeddable":true,"href":"https:\/\/lakidar.hu\/wordpress\/index.php\/wp-json\/wp\/v2\/users\/1"}],"replies":[{"embeddable":true,"href":"https:\/\/lakidar.hu\/wordpress\/index.php\/wp-json\/wp\/v2\/comments?post=93"}],"version-history":[{"count":3,"href":"https:\/\/lakidar.hu\/wordpress\/index.php\/wp-json\/wp\/v2\/pages\/93\/revisions"}],"predecessor-version":[{"id":195,"href":"https:\/\/lakidar.hu\/wordpress\/index.php\/wp-json\/wp\/v2\/pages\/93\/revisions\/195"}],"wp:attachment":[{"href":"https:\/\/lakidar.hu\/wordpress\/index.php\/wp-json\/wp\/v2\/media?parent=93"}],"curies":[{"name":"wp","href":"https:\/\/api.w.org\/{rel}","templated":true}]}}