{"id":90,"date":"2021-11-23T10:45:27","date_gmt":"2021-11-23T10:45:27","guid":{"rendered":"https:\/\/lakidar.hu\/wordpress\/?page_id=90"},"modified":"2022-05-31T06:55:07","modified_gmt":"2022-05-31T06:55:07","slug":"kapcsolat","status":"publish","type":"page","link":"https:\/\/lakidar.hu\/wordpress\/index.php\/kapcsolat\/","title":{"rendered":"Kapcsolat"},"content":{"rendered":"\n<p class=\"has-medium-font-size\">1161 Budapest Cs\u00f6m\u00f6ri \u00fat 42.<br><strong>Tel: +36 1 40 50 258<br>Mobil: +36 20 544 6251<\/strong><br>E-mail:\u00a0<a href=\"mailto:info@lakidar.hu\">info@lakidar.hu<\/a><\/p>\n\n\n\n<p><br><strong>Lakidar Kft.<\/strong><br>Ad\u00f3sz\u00e1m: 12358702-2-42<br>C\u00e9gjegyz\u00e9ksz\u00e1m 01-09-669961<br>Kamarai nyilv\u00e1ntart\u00e1si sz\u00e1ma: BU12358702<br>Raiffeisen Bank: 12011409 &#8211; 00141289 &#8211; 00100004<\/p>\n","protected":false},"excerpt":{"rendered":"<p>1161 Budapest Cs\u00f6m\u00f6ri \u00fat 42.Tel: +36 1 40 50 258Mobil: +36 20 544 6251E-mail:\u00a0info@lakidar.hu Lakidar Kft.Ad\u00f3sz\u00e1m: 12358702-2-42C\u00e9gjegyz\u00e9ksz\u00e1m 01-09-669961Kamarai nyilv\u00e1ntart\u00e1si sz\u00e1ma: BU12358702Raiffeisen Bank: 12011409 &#8211; 00141289 &#8211; 00100004<\/p>\n","protected":false},"author":1,"featured_media":0,"parent":0,"menu_order":0,"comment_status":"closed","ping_status":"closed","template":"","meta":{"footnotes":""},"class_list":["post-90","page","type-page","status-publish","hentry"],"_links":{"self":[{"href":"https:\/\/lakidar.hu\/wordpress\/index.php\/wp-json\/wp\/v2\/pages\/90","targetHints":{"allow":["GET"]}}],"collection":[{"href":"https:\/\/lakidar.hu\/wordpress\/index.php\/wp-json\/wp\/v2\/pages"}],"about":[{"href":"https:\/\/lakidar.hu\/wordpress\/index.php\/wp-json\/wp\/v2\/types\/page"}],"author":[{"embeddable":true,"href":"https:\/\/lakidar.hu\/wordpress\/index.php\/wp-json\/wp\/v2\/users\/1"}],"replies":[{"embeddable":true,"href":"https:\/\/lakidar.hu\/wordpress\/index.php\/wp-json\/wp\/v2\/comments?post=90"}],"version-history":[{"count":4,"href":"https:\/\/lakidar.hu\/wordpress\/index.php\/wp-json\/wp\/v2\/pages\/90\/revisions"}],"predecessor-version":[{"id":342,"href":"https:\/\/lakidar.hu\/wordpress\/index.php\/wp-json\/wp\/v2\/pages\/90\/revisions\/342"}],"wp:attachment":[{"href":"https:\/\/lakidar.hu\/wordpress\/index.php\/wp-json\/wp\/v2\/media?parent=90"}],"curies":[{"name":"wp","href":"https:\/\/api.w.org\/{rel}","templated":true}]}}