{"id":72,"date":"2021-11-23T10:22:27","date_gmt":"2021-11-23T10:22:27","guid":{"rendered":"https:\/\/lakidar.hu\/wordpress\/?page_id=72"},"modified":"2024-03-23T17:52:42","modified_gmt":"2024-03-23T17:52:42","slug":"cegismerteto","status":"publish","type":"page","link":"https:\/\/lakidar.hu\/wordpress\/","title":{"rendered":"C\u00e9gismertet\u0151"},"content":{"rendered":"\n<p class=\"has-text-align-center has-black-color has-luminous-vivid-orange-background-color has-text-color has-background has-medium-font-size\"><strong><em>TreeCare programr\u00f3l \u00e9s az elj\u00e1r\u00e1s l\u00e9nyeg\u00e9r\u0151l r\u00e9szletesebben itt olvashatnak:<\/em> <a href=\"https:\/\/fagyogyitas.agrosol.hu\/\"><font color=\"blue\">Agrosol<\/a><\/strong><\/p>\n\n\n\n<div class=\"wp-block-columns is-layout-flex wp-container-core-columns-is-layout-9d6595d7 wp-block-columns-is-layout-flex\">\n<div class=\"wp-block-column is-layout-flow wp-block-column-is-layout-flow\">\n<div class=\"wp-block-columns is-layout-flex wp-container-core-columns-is-layout-9d6595d7 wp-block-columns-is-layout-flex\">\n<div class=\"wp-block-column is-layout-flow wp-block-column-is-layout-flow\">\n<style>\n#box1\n{\npadding:30px;\nborder:1px solid #E0E0E0;\nwidth:82%;\nheight:400px;\n}\n#section-home .section {\n    display: block;\n    background: white;\n    padding: 10px;\n    border: 1px solid #E0E0E0;\n    -webkit-transition: all 0.3s ease;\n    -moz-transition: all 0.3s ease;\n    -ms-transition: all 0.3s ease;\n    -o-transition: all 0.3s ease;\n    transition: all 0.3s ease;\n    height: 450px;\n}\n#section-home .entry-header {\n    position: relative;\n    z-index: 2;\n    width: 100%;\n    -webkit-transition: all 0.2s ease-in-out;\n    -moz-transition: all 0.2s ease-in-out;\n    -ms-transition: all 0.2s ease-in-out;\n    -o-transition: all 0.2s ease-in-out;\n    transition: all 0.2s ease-in-out;\n}\n#section-home .entry-content {\n    padding-top: 20px;\n}\n<\/style>\n<center>\n<div id=\"box1\">\n<div class=\"section\">\n<div class=\"entry-header\">\n<img decoding=\"async\" src=\"https:\/\/lakidar.hu\/wordpress\/wp-content\/uploads\/2022\/01\/Agyipoloska-300x149.jpg\" alt=\"\"><\/div><div class=\"entry-content\">\n<h3><center>Fert\u0151tlen\u00edt\u00e9s!<\/center><\/h3><p>K\u00e9pzett, gyakorlott, erk\u00f6lcsileg fedhetetlen munkat\u00e1rsak biztos\u00edtj\u00e1k az \u00d6n \u00e1ltal elv\u00e1rt eredm\u00e9nyt. Dolgoz\u00f3ink r\u00e1ad\u00e1sul \u00e9rv\u00e9nyes eg\u00e9szs\u00e9g\u00fcgyi k\u00f6nyvvel rendelkeznek \u00e9s ismerik a GHP (J\u00f3 Higi\u00e9niai Gyakorlat) el\u0151\u00edr\u00e1sait.<\/p>\n<p><a href=\"https:\/\/lakidar.hu\/wordpress\/index.php\/rovarirtas\/\" class=\"more-link themebutton\">Read More<\/a><\/p><\/div><\/div><\/div>\n<\/div>\n\n\n\n<div class=\"wp-block-column is-layout-flow wp-block-column-is-layout-flow\">\n<style>\n#box2\n{\npadding:30px;\nborder:1px solid #E0E0E0;\nwidth:82%;\nheight:400px;\n}\n#section-home .section {\n    display: block;\n    background: white;\n    padding: 10px;\n    border: 1px solid #E0E0E0;\n    -webkit-transition: all 0.3s ease;\n    -moz-transition: all 0.3s ease;\n    -ms-transition: all 0.3s ease;\n    -o-transition: all 0.3s ease;\n    transition: all 0.3s ease;\n    height: 450px;\n}\n#section-home .entry-header {\n    position: relative;\n    z-index: 2;\n    width: 100%;\n    -webkit-transition: all 0.2s ease-in-out;\n    -moz-transition: all 0.2s ease-in-out;\n    -ms-transition: all 0.2s ease-in-out;\n    -o-transition: all 0.2s ease-in-out;\n    transition: all 0.2s ease-in-out;\n}\n#section-home .entry-content {\n    padding-top: 20px;\n}\n<\/style>\n<center>\n<div id=\"box2\">\n<div class=\"section\">\n<div class=\"entry-header\">\n<img decoding=\"async\" src=\"https:\/\/lakidar.hu\/wordpress\/wp-content\/uploads\/2022\/01\/hangya-300x186.jpg\" alt=\"\"><\/div><div class=\"entry-content\">\n<h3>N\u00f6v\u00e9nyv\u00e9delem<\/h3><p>K\u00f6zter\u00fcleteken, parkokban, k\u00f6zint\u00e9zm\u00e9nyekn\u00e9l el\u0151fordul\u00f3 szoliter, illetve sorf\u00e1kat (vadgesztenyefa, plat\u00e1nfa, h\u00e1rsfa, t\u00f6lgyfa) k\u00e1ros\u00edt\u00f3 rovarok -vadgesztenye akn\u00e1z\u00f3moly&#8230;<\/p>\n<p><a href=\"https:\/\/lakidar.hu\/wordpress\/index.php\/rovarirtas\/\" class=\"more-link themebutton\">Read More<\/a><\/p><\/div><\/div><\/div>\n<\/div>\n\n\n\n<div class=\"wp-block-column is-layout-flow wp-block-column-is-layout-flow\">\n<style>\n#box3\n{\npadding:30px;\nborder:1px solid #E0E0E0;\nwidth:82%;\nheight:400px;\n}\n#section-home .section {\n    display: block;\n    background: white;\n    padding: 10px;\n    border: 1px solid #E0E0E0;\n    -webkit-transition: all 0.3s ease;\n    -moz-transition: all 0.3s ease;\n    -ms-transition: all 0.3s ease;\n    -o-transition: all 0.3s ease;\n    transition: all 0.3s ease;\n    height: 450px;\n}\n#section-home .entry-header {\n    position: relative;\n    z-index: 2;\n    width: 100%;\n    -webkit-transition: all 0.2s ease-in-out;\n    -moz-transition: all 0.2s ease-in-out;\n    -ms-transition: all 0.2s ease-in-out;\n    -o-transition: all 0.2s ease-in-out;\n    transition: all 0.2s ease-in-out;\n}\n#section-home .entry-content {\n    padding-top: 20px;\n}\n<\/style>\n<center>\n<div id=\"box3\">\n<div class=\"section\">\n<div class=\"entry-header\">\n<img decoding=\"async\" src=\"https:\/\/www.haccp-agency.hu\/wp-content\/uploads\/2020\/06\/Tieu-chuan-haccp.png\" width=\"100%\" height=\"50px\" alt=\"\"><\/div><div class=\"entry-content\">\n<h3>IPM-HACCP<\/h3><p>HACCP (Hazard Analysis Critical Control Point = Vesz\u00e9lyelemz\u00e9s, Kritikus Szab\u00e1lyoz\u00e1si Pontok Magyarorsz\u00e1gon elterjedt \u00e9lelmiszer biztons\u00e1gi rendszer)<\/p>\n<p><a href=\"https:\/\/lakidar.hu\/wordpress\/index.php\/haccp-ipm-ipc\/\" class=\"more-link themebutton\">Read More<\/a><\/p><\/div><\/div><\/div>\n<\/div>\n<\/div>\n<\/div>\n<\/div>\n\n\n\n<p><\/p>\n\n\n\n\n\n<p class=\"has-medium-font-size\">Mott\u00f3nk:<strong><br>&#8222;Nincs olyan kis probl\u00e9ma, amit ne venn\u00e9nk komolyan,<br>de nincs olyan nagy sem, amiben ne tudn\u00e1nk seg\u00edteni.&#8221;<\/strong><\/p>\n\n\n\n<p><\/p>\n\n\n\n<p><\/p>\n\n\n\n<p class=\"has-text-align-center\">Az orsz\u00e1gban els\u0151k k\u00f6z\u00f6tt felk\u00e9sz\u00fclt\u00fcnk \u00e9s bevezett\u00fck az egys\u00e9ges EUR\u00d3PAI CEPA \/ CEN (MSZ EN) 16636\/2015<br>K\u00e1rtev\u0151 &#8211; mentes\u00edt\u00e9si szolg\u00e1ltat\u00e1sok szabv\u00e1nyt.<br>Az ezt bizony\u00edt\u00f3 dokumentum a tan\u00fas\u00edtv\u00e1nyaink men\u00fcpontban el\u00e9rhet\u0151.<\/p>\n\n\n\n<p>Kedves \u00e9rdekl\u0151d\u0151, leend\u0151 partner\u00fcnk!<br><\/p>\n\n\n\n<p>A Lakidar Kft t\u00f6bb mint 20 \u00e9ve m\u0171k\u00f6dik budapesti sz\u00e9khellyel az orsz\u00e1g eg\u00e9sz ter\u00fclet\u00e9n. C\u00e9g\u00fcnk 100%-ban magyar tulajdon\u00fa.<br>&#8211; Az els\u0151k k\u00f6z\u00f6tt alkalmaztuk a mai kor j\u00f3 higi\u00e9niai gyakorlat\u00e1nak (GHP) megfelel\u0151 monitoroz\u00e1st \u00e9s a m\u00e9rt eredm\u00e9nyekhez igazod\u00f3 Integr\u00e1lt K\u00e1rtev\u0151 Kezel\u00e9st &#8211; IPM-et (Integrated Pest Management) \u00e9s a IPC-t (Integrated Pest Control), mely kulcsa a k\u00e1rtev\u0151mentess\u00e9ghez. B\u00fcszk\u00e9k vagyunk arra, hogy dokument\u00e1ci\u00f3nk egy r\u00e9sze a g\u00e1zmesteri oktat\u00e1s r\u00e9sz\u00e9t k\u00e9pezi, \u00e9s azt a gyakorlatban egyre t\u00f6bben alkalmazz\u00e1k. C\u00e9g\u00fcnk a ma m\u00e1r sz\u00e9les k\u00f6rben elterjedt, g\u00e9l-technik\u00e1val val\u00f3 cs\u00f3t\u00e1nyirt\u00e1s egyik magyarorsz\u00e1gi \u00fatt\u00f6r\u0151je volt.<\/p>\n\n\n\n<p><br><strong>IPM feladata<\/strong><br>Az \u00e1ltalunk haszn\u00e1lt rendszer feladata, hogy megakad\u00e1lyozza a k\u00e1rtev\u0151popul\u00e1ci\u00f3k fejl\u0151d\u00e9s\u00e9t amellett, hogy a rovar- \u00e9s n\u00f6v\u00e9nyv\u00e9d\u0151szerek haszn\u00e1lat\u00e1nak m\u00e9rt\u00e9k\u00e9t \u00e9s az egy\u00e9b beavatkoz\u00e1sokat gazdas\u00e1gos szinten tartja.<br><br><strong>IPM c\u00e9lja<br><\/strong>Megismerni \u00e9s alkalmaznia biol\u00f3giai, mechanikai, fizikai vagy egy\u00e9b, kev\u00e9sb\u00e9 kock\u00e1zatos strat\u00e9gi\u00e1kat, hogy minimaliz\u00e1ljuk a rovar- illetve n\u00f6v\u00e9nyv\u00e9d\u0151szerek haszn\u00e1lat\u00e1t ezzel cs\u00f6kkents\u00fck az eg\u00e9szs\u00e9gre \u00e9s a k\u00f6rnyezetre gyakorolt hat\u00e1st.<br>Ahol sz\u00fcks\u00e9ges a rovar-\u00e9s r\u00e1gcs\u00e1l\u00f3irt\u00f3 illetve n\u00f6v\u00e9nyv\u00e9d\u0151szer haszn\u00e1lata, a szelektivit\u00e1s fontos szempont, hogy cs\u00f6kkents\u00fck az \u00f6koegyens\u00faly felborul\u00e1s\u00e1nak m\u00e9rt\u00e9k\u00e9t \u00e9s biztos\u00edtsuk a biztons\u00e1gos alkalmaz\u00e1st.<br><br><strong>IPM rendszer\u00fcnk<br><\/strong>&#8211; Ter\u00fclet szem\u00e9lyes felm\u00e9r\u00e9se<br>&#8211; Monitoring rendszer ki\u00e9p\u00edt\u00e9se, telep\u00edt\u00e9s &#8211; dokument\u00e1ci\u00f3k\u00e9sz\u00edt\u00e9s<br>Saj\u00e1t fejleszt\u00e9s\u0171 nyilv\u00e1ntart\u00f3 rendszer, mely a k\u00e1rtev\u0151k mennyis\u00e9g\u00e9nek \u00e9s pontos el\u0151fordul\u00e1s\u00e1nak meg\u00e1llap\u00edt\u00e1s\u00e1ra alkalmas. Ezekb\u0151l az adatokb\u00f3l t\u00e1bl\u00e1zatok illetve diagramok seg\u00edts\u00e9g\u00e9vel inform\u00e1ci\u00f3t kapunk a r\u00e1gcs\u00e1l\u00f3k, rovarok \u00e9letciklus\u00e1r\u00f3l \u00e9s el\u0151fordul\u00e1sukr\u00f3l.<br>&#8211; A kapott adatok alapj\u00e1n ki\u00e9rt\u00e9kel\u00e9s \u00e9s ennek megfelel\u0151 cselekv\u00e9si terv elk\u00e9sz\u00edt\u00e9se.<br>&#8211; Fontosnak tartjuk a k\u00e9pz\u00e9st. Megrendel\u0151inkn\u00e9l k\u00e9r\u00e9s\u00fckre oktat\u00e1st tartunk &#8211; a saj\u00e1t t\u00f6bb \u00e9vtizedes tapasztalatainkra \u00e9p\u00fcl\u0151 oktat\u00e1si seg\u00e9danyagunk seg\u00edts\u00e9g\u00e9vel &#8211; a k\u00e1rtev\u0151kr\u0151l (k\u00fcls\u0151 megjelen\u00e9s\u00fck, \u00e9letm\u00f3djuk, el\u0151fordul\u00e1suk stb.) \u00e9s egy\u00fctt meghat\u00e1rozzunk a cselekv\u00e9si szinteket a k\u00e1rtev\u0151k ellen a fert\u0151z\u00f6tts\u00e9g vesz\u00e9ly\u00e9nek m\u00e9rt\u00e9ke alapj\u00e1n.<br>&#8211; Folyamatosan nyomon k\u00f6vetj\u00fck a hazai \u00e9s nemzetk\u00f6zi szaksajt\u00f3t, ki\u00e1ll\u00edt\u00e1sokon vesz\u00fcnk r\u00e9sz \u00e9s a leg\u00fajabb fejleszt\u00e9seket, ahol a kutat\u00e1s eredm\u00e9nyei bizakod\u00e1sra adnak okot be\u00e9p\u00edtj\u00fck a gyakorlatunkba, felm\u00e9rj\u00fck a hat\u00e9konys\u00e1gukat \u00e9s alkalmaz\u00e1suk k\u00f6vetkezm\u00e9nyeit a k\u00e1rtev\u0151menedzsment \u00e9s a sz\u00e9lesebben vett k\u00f6rnyezet sz\u00e1m\u00e1ra.<br><br>&#8211; Nyilv\u00e1ntart\u00e1st vezet\u00fcnk a felhaszn\u00e1lt irt\u00f3szerekr\u0151l \u00e9s kiz\u00e1r\u00f3lag hat\u00f3s\u00e1gi enged\u00e9llyel rendelkez\u0151 k\u00e9sz\u00edtm\u00e9nyekkel dolgozunk, melyek&nbsp;<a href=\"http:\/\/lakidar.hu\/rovarirto_szerek.html\">biztons\u00e1gi adatlap<\/a>jai honlapunkon kereszt\u00fcl let\u00f6lthet\u0151.<br><br>&#8211; Betartjuk az (OEK Orsz\u00e1gos Epidemiol\u00f3giai K\u00f6zpont) \u00e1ltal kiadott \u00e9s \u00e9rv\u00e9nyben l\u00e9v\u0151 el\u0151\u00edr\u00e1sokat.<br><br>&#8211; Szakk\u00e9pzett dolgoz\u00f3ink tagjai a Magyar Eg\u00e9szs\u00e9g\u00fcgyi Szakdolgoz\u00f3i Kamar\u00e1nak (MESZK), valamint a Magyar Eg\u00e9szs\u00e9g\u00fcgyi G\u00e1zmesterek Egyes\u00fclet\u00e9nek (MEGE) eln\u00f6ks\u00e9g\u00e9nek.<br><br>&#8211; Nagy hangs\u00falyt fektet\u00fcnk munkat\u00e1rsaink folyamatos k\u00e9pz\u00e9s\u00e9re, munkaeszk\u00f6zeink folyamatos fejleszt\u00e9s\u00e9re, valamint az \u00faj, k\u00f6rnyezetk\u00edm\u00e9l\u0151 technol\u00f3gi\u00e1k bevezet\u00e9s\u00e9re, hogy munk\u00e1nkkal a ma el\u00e9rhet\u0151 legjobb szolg\u00e1ltat\u00e1st ny\u00fajtsuk.<br><br>&#8211; C\u00e9g\u00fcnk rendszeres r\u00e9sztvev\u0151je szakmai konferenci\u00e1knak is.<br><br><strong>Min\u0151s\u00e9gbiztos\u00edt\u00e1s:<\/strong><br>Bevezett\u00fck \u00e9s m\u0171k\u00f6dtetj\u00fck az ISO 9001 min\u0151s\u00e9gbiztos\u00edt\u00e1si \u00e9s a 14001 k\u00f6rnyezetbiztos\u00edt\u00e1si rendszert. Az SGS Hungary Kft. tan\u00fas\u00edtv\u00e1ny\u00e1t a honlapunkon az&nbsp;<a href=\"http:\/\/lakidar.hu\/tanusitvanyaink_letoltese.html\">ISO<\/a>&nbsp;men\u00fcpont alatt let\u00f6ltheti.<br><br><strong>Tev\u00e9kenys\u00e9geink:<\/strong><br>&#8211; \u00e1llati k\u00e1rtev\u0151k elleni v\u00e9delem keret\u00e9ben monitoroz\u00e1s \u00e9s irt\u00e1s<br>&#8211; eg\u00e9r \u00e9s patk\u00e1ny<br>&#8211; cs\u00f3t\u00e1ny<br>&#8211; hangya<br>&#8211; sz\u00fanyog<br>&#8211; l\u00e9gy<br>&#8211; \u00e1gyi poloska<br>&#8211; dar\u00e1zs<br>&#8211; aszalv\u00e1nymoly<br>&#8211; madarak elleni v\u00e9delem<br>&#8211; fert\u0151tlen\u00edt\u00e9s, lomtalan\u00edt\u00e1s<br>&#8211; a n\u00f6v\u00e9nyv\u00e9delem ter\u00fclet\u00e9n sorf\u00e1k \u00e9s ligetek kezel\u00e9se permetez\u00e9ssel, fav\u00e1g\u00e1s, sarjirt\u00e1s \u00e9s gyomirt\u00e1s<br>&#8211; \u00dcltetv\u00e9nyek, sz\u0151l\u0151k \u00e9s vet\u00e9sek v\u00e9delme varjak, sereg\u00e9lyek \u00e9s nyulak ellen solym\u00e1szattal.<\/p>\n","protected":false},"excerpt":{"rendered":"<p>TreeCare programr\u00f3l \u00e9s az elj\u00e1r\u00e1s l\u00e9nyeg\u00e9r\u0151l r\u00e9szletesebben itt olvashatnak: Agrosol Fert\u0151tlen\u00edt\u00e9s! K\u00e9pzett, gyakorlott, erk\u00f6lcsileg fedhetetlen munkat\u00e1rsak biztos\u00edtj\u00e1k az \u00d6n \u00e1ltal elv\u00e1rt eredm\u00e9nyt. Dolgoz\u00f3ink r\u00e1ad\u00e1sul \u00e9rv\u00e9nyes eg\u00e9szs\u00e9g\u00fcgyi k\u00f6nyvvel rendelkeznek \u00e9s ismerik a GHP (J\u00f3 Higi\u00e9niai Gyakorlat) el\u0151\u00edr\u00e1sait. Read More N\u00f6v\u00e9nyv\u00e9delem K\u00f6zter\u00fcleteken, parkokban, k\u00f6zint\u00e9zm\u00e9nyekn\u00e9l el\u0151fordul\u00f3 szoliter, illetve sorf\u00e1kat (vadgesztenyefa, plat\u00e1nfa, h\u00e1rsfa, t\u00f6lgyfa) k\u00e1ros\u00edt\u00f3 rovarok -vadgesztenye akn\u00e1z\u00f3moly&#8230; Read<\/p>\n<p><a href=\"https:\/\/lakidar.hu\/wordpress\/\" class=\"more-link themebutton\">Read More<\/a><\/p>\n","protected":false},"author":1,"featured_media":0,"parent":0,"menu_order":0,"comment_status":"closed","ping_status":"closed","template":"","meta":{"footnotes":""},"class_list":["post-72","page","type-page","status-publish","hentry"],"_links":{"self":[{"href":"https:\/\/lakidar.hu\/wordpress\/index.php\/wp-json\/wp\/v2\/pages\/72","targetHints":{"allow":["GET"]}}],"collection":[{"href":"https:\/\/lakidar.hu\/wordpress\/index.php\/wp-json\/wp\/v2\/pages"}],"about":[{"href":"https:\/\/lakidar.hu\/wordpress\/index.php\/wp-json\/wp\/v2\/types\/page"}],"author":[{"embeddable":true,"href":"https:\/\/lakidar.hu\/wordpress\/index.php\/wp-json\/wp\/v2\/users\/1"}],"replies":[{"embeddable":true,"href":"https:\/\/lakidar.hu\/wordpress\/index.php\/wp-json\/wp\/v2\/comments?post=72"}],"version-history":[{"count":90,"href":"https:\/\/lakidar.hu\/wordpress\/index.php\/wp-json\/wp\/v2\/pages\/72\/revisions"}],"predecessor-version":[{"id":400,"href":"https:\/\/lakidar.hu\/wordpress\/index.php\/wp-json\/wp\/v2\/pages\/72\/revisions\/400"}],"wp:attachment":[{"href":"https:\/\/lakidar.hu\/wordpress\/index.php\/wp-json\/wp\/v2\/media?parent=72"}],"curies":[{"name":"wp","href":"https:\/\/api.w.org\/{rel}","templated":true}]}}