{"id":310,"date":"2022-01-08T14:45:42","date_gmt":"2022-01-08T14:45:42","guid":{"rendered":"https:\/\/lakidar.hu\/wordpress\/?page_id=310"},"modified":"2022-01-08T14:45:42","modified_gmt":"2022-01-08T14:45:42","slug":"novenyvedo-szerek","status":"publish","type":"page","link":"https:\/\/lakidar.hu\/wordpress\/index.php\/novenyvedo-szerek\/","title":{"rendered":"N\u00f6v\u00e9nyv\u00e9d\u0151 szerek"},"content":{"rendered":"","protected":false},"excerpt":{"rendered":"","protected":false},"author":1,"featured_media":0,"parent":0,"menu_order":0,"comment_status":"closed","ping_status":"closed","template":"","meta":{"footnotes":""},"class_list":["post-310","page","type-page","status-publish","hentry"],"_links":{"self":[{"href":"https:\/\/lakidar.hu\/wordpress\/index.php\/wp-json\/wp\/v2\/pages\/310","targetHints":{"allow":["GET"]}}],"collection":[{"href":"https:\/\/lakidar.hu\/wordpress\/index.php\/wp-json\/wp\/v2\/pages"}],"about":[{"href":"https:\/\/lakidar.hu\/wordpress\/index.php\/wp-json\/wp\/v2\/types\/page"}],"author":[{"embeddable":true,"href":"https:\/\/lakidar.hu\/wordpress\/index.php\/wp-json\/wp\/v2\/users\/1"}],"replies":[{"embeddable":true,"href":"https:\/\/lakidar.hu\/wordpress\/index.php\/wp-json\/wp\/v2\/comments?post=310"}],"version-history":[{"count":1,"href":"https:\/\/lakidar.hu\/wordpress\/index.php\/wp-json\/wp\/v2\/pages\/310\/revisions"}],"predecessor-version":[{"id":311,"href":"https:\/\/lakidar.hu\/wordpress\/index.php\/wp-json\/wp\/v2\/pages\/310\/revisions\/311"}],"wp:attachment":[{"href":"https:\/\/lakidar.hu\/wordpress\/index.php\/wp-json\/wp\/v2\/media?parent=310"}],"curies":[{"name":"wp","href":"https:\/\/api.w.org\/{rel}","templated":true}]}}