{"id":196,"date":"2022-01-08T12:03:22","date_gmt":"2022-01-08T12:03:22","guid":{"rendered":"https:\/\/lakidar.hu\/wordpress\/?page_id=196"},"modified":"2022-01-08T12:05:38","modified_gmt":"2022-01-08T12:05:38","slug":"gyomirtas","status":"publish","type":"page","link":"https:\/\/lakidar.hu\/wordpress\/index.php\/gyomirtas\/","title":{"rendered":"Gyomirt\u00e1s"},"content":{"rendered":"\n<p>Sporttelepek, szabadid\u0151k\u00f6zpontok, gy\u00e1rtelepek, \u00fczemi ter\u00fcletek, ipari v\u00e1g\u00e1nyok, parkol\u00f3k<strong>&nbsp;tot\u00e1lis&nbsp;<\/strong>illetve&nbsp;<strong>szelekt\u00edv&nbsp;<\/strong>gyomirt\u00e1s\u00e1t, gyommentes\u00edt\u00e9s\u00e9t v\u00e9gezz\u00fck az adott ter\u00fcletre enged\u00e9lyezett k\u00e9sz\u00edtm\u00e9nyekkel, a gyomfl\u00f3ra el\u0151zetes felm\u00e9r\u00e9se alapj\u00e1n.<\/p>\n\n\n\n<p><br>A szelektiv k\u00e9sz\u00edtm\u00e9nyek haszn\u00e1lat\u00e1val p\u00e9ld\u00e1ul irtjuk a k\u00e9tszik\u0171 gyomokat \u00fagy, hogy a f\u0171fajokat k\u00edm\u00e9lj\u00fck, ez\u00e1ltal a vetett z\u00f6ldfel\u00fclet egyenletesen sz\u00e9p marad.<br>A lev\u00e1gott cserj\u00e9k sarjainak, a kiv\u00e1gott f\u00e1k tusk\u00f3inak vegyszeres kezel\u00e9s\u00e9vel, az \u00fajb\u00f3li sarj kihajt\u00e1s (bizonyos m\u00e9ret hat\u00e1rig) az enged\u00e9lyezett k\u00e9sz\u00edtm\u00e9nyek ecsetel\u00e9s\u00e9vel \u00e9s permetez\u00e9s\u00e9vel g\u00e1tolhat\u00f3.<\/p>\n\n\n\n<figure class=\"wp-block-image size-full\"><img decoding=\"async\" width=\"198\" height=\"132\" src=\"https:\/\/lakidar.hu\/wordpress\/wp-content\/uploads\/2022\/01\/p003_1_01.jpg\" alt=\"\" class=\"wp-image-199\"\/><\/figure>\n","protected":false},"excerpt":{"rendered":"<p>Sporttelepek, szabadid\u0151k\u00f6zpontok, gy\u00e1rtelepek, \u00fczemi ter\u00fcletek, ipari v\u00e1g\u00e1nyok, parkol\u00f3k&nbsp;tot\u00e1lis&nbsp;illetve&nbsp;szelekt\u00edv&nbsp;gyomirt\u00e1s\u00e1t, gyommentes\u00edt\u00e9s\u00e9t v\u00e9gezz\u00fck az adott ter\u00fcletre enged\u00e9lyezett k\u00e9sz\u00edtm\u00e9nyekkel, a gyomfl\u00f3ra el\u0151zetes felm\u00e9r\u00e9se alapj\u00e1n. A szelektiv k\u00e9sz\u00edtm\u00e9nyek haszn\u00e1lat\u00e1val p\u00e9ld\u00e1ul irtjuk a k\u00e9tszik\u0171 gyomokat \u00fagy, hogy a f\u0171fajokat k\u00edm\u00e9lj\u00fck, ez\u00e1ltal a vetett z\u00f6ldfel\u00fclet egyenletesen sz\u00e9p marad.A lev\u00e1gott cserj\u00e9k sarjainak, a kiv\u00e1gott f\u00e1k tusk\u00f3inak vegyszeres kezel\u00e9s\u00e9vel, az \u00fajb\u00f3li sarj kihajt\u00e1s (bizonyos<\/p>\n<p><a href=\"https:\/\/lakidar.hu\/wordpress\/index.php\/gyomirtas\/\" class=\"more-link themebutton\">Read More<\/a><\/p>\n","protected":false},"author":1,"featured_media":0,"parent":0,"menu_order":0,"comment_status":"closed","ping_status":"closed","template":"","meta":{"footnotes":""},"class_list":["post-196","page","type-page","status-publish","hentry"],"_links":{"self":[{"href":"https:\/\/lakidar.hu\/wordpress\/index.php\/wp-json\/wp\/v2\/pages\/196","targetHints":{"allow":["GET"]}}],"collection":[{"href":"https:\/\/lakidar.hu\/wordpress\/index.php\/wp-json\/wp\/v2\/pages"}],"about":[{"href":"https:\/\/lakidar.hu\/wordpress\/index.php\/wp-json\/wp\/v2\/types\/page"}],"author":[{"embeddable":true,"href":"https:\/\/lakidar.hu\/wordpress\/index.php\/wp-json\/wp\/v2\/users\/1"}],"replies":[{"embeddable":true,"href":"https:\/\/lakidar.hu\/wordpress\/index.php\/wp-json\/wp\/v2\/comments?post=196"}],"version-history":[{"count":2,"href":"https:\/\/lakidar.hu\/wordpress\/index.php\/wp-json\/wp\/v2\/pages\/196\/revisions"}],"predecessor-version":[{"id":200,"href":"https:\/\/lakidar.hu\/wordpress\/index.php\/wp-json\/wp\/v2\/pages\/196\/revisions\/200"}],"wp:attachment":[{"href":"https:\/\/lakidar.hu\/wordpress\/index.php\/wp-json\/wp\/v2\/media?parent=196"}],"curies":[{"name":"wp","href":"https:\/\/api.w.org\/{rel}","templated":true}]}}